{"id":1096,"date":"2025-05-22T12:00:27","date_gmt":"2025-05-22T16:00:27","guid":{"rendered":"https:\/\/clubdes4loups.org\/wordpress\/?page_id=1096"},"modified":"2025-05-22T12:04:24","modified_gmt":"2025-05-22T16:04:24","slug":"mechoui","status":"publish","type":"page","link":"https:\/\/clubdes4loups.org\/wordpress\/mechoui\/","title":{"rendered":"Le m\u00e9choui 30e anniversaire"},"content":{"rendered":"\n<div class=\"wp-block-group has-background-background-color has-background\"><div class=\"wp-block-group__inner-container is-layout-constrained wp-block-group-is-layout-constrained\">\n<h5 class=\"wp-block-heading\">2025 est le 30e anniversaire du Club des 4 loups. Nous f\u00eaterons l&rsquo;\u00e9v\u00e9nement le 19 juillet avec un m\u00e9choui au Pub le Chalet.<\/h5>\n\n\n\n<p>Les billets, au co\u00fbt de 45,00&nbsp;$ sont disponibles au magasin Pronature de Magog.<\/p>\n\n\n\n<p>Le m\u00e9choui comprendra du porc et du b\u0153uf avec en accompagnements des pommes de terre et de la salade. Une consommation, bi\u00e8re Sleeman ou limonade ou liqueur, est comprise dans le prix du billet. Le prix inclut les taxes et le pourboire.<\/p>\n\n\n\n<p>Notez que vous devrez payer les billets en argent comptant.<\/p>\n<\/div><\/div>\n","protected":false},"excerpt":{"rendered":"<p>2025 est le 30e anniversaire du Club des 4 loups. Nous f\u00eaterons l&rsquo;\u00e9v\u00e9nement le 19 juillet avec un m\u00e9choui au Pub le Chalet. Les billets, au co\u00fbt de 45,00&nbsp;$ sont disponibles au magasin Pronature de Magog. Le m\u00e9choui comprendra du porc et du b\u0153uf avec en accompagnements des pommes de terre et de la salade. [&hellip;]<\/p>\n","protected":false},"author":1,"featured_media":0,"parent":0,"menu_order":0,"comment_status":"closed","ping_status":"closed","template":"","meta":{"footnotes":""},"class_list":["post-1096","page","type-page","status-publish","hentry"],"_links":{"self":[{"href":"https:\/\/clubdes4loups.org\/wordpress\/wp-json\/wp\/v2\/pages\/1096","targetHints":{"allow":["GET"]}}],"collection":[{"href":"https:\/\/clubdes4loups.org\/wordpress\/wp-json\/wp\/v2\/pages"}],"about":[{"href":"https:\/\/clubdes4loups.org\/wordpress\/wp-json\/wp\/v2\/types\/page"}],"author":[{"embeddable":true,"href":"https:\/\/clubdes4loups.org\/wordpress\/wp-json\/wp\/v2\/users\/1"}],"replies":[{"embeddable":true,"href":"https:\/\/clubdes4loups.org\/wordpress\/wp-json\/wp\/v2\/comments?post=1096"}],"version-history":[{"count":2,"href":"https:\/\/clubdes4loups.org\/wordpress\/wp-json\/wp\/v2\/pages\/1096\/revisions"}],"predecessor-version":[{"id":1100,"href":"https:\/\/clubdes4loups.org\/wordpress\/wp-json\/wp\/v2\/pages\/1096\/revisions\/1100"}],"wp:attachment":[{"href":"https:\/\/clubdes4loups.org\/wordpress\/wp-json\/wp\/v2\/media?parent=1096"}],"curies":[{"name":"wp","href":"https:\/\/api.w.org\/{rel}","templated":true}]}}