{"id":295,"date":"2021-03-04T10:29:48","date_gmt":"2021-03-04T15:29:48","guid":{"rendered":"http:\/\/clubdes4loups.org\/wordpress\/?page_id=295"},"modified":"2026-03-03T09:54:26","modified_gmt":"2026-03-03T14:54:26","slug":"partenaires-du-club","status":"publish","type":"page","link":"https:\/\/clubdes4loups.org\/wordpress\/partenaires-du-club\/","title":{"rendered":"Partenaires du Club"},"content":{"rendered":"\n<div class=\"wp-block-group alignwide has-background\" style=\"background-color:#ffffff\"><div class=\"wp-block-group__inner-container is-layout-flow wp-block-group-is-layout-flow\">\n<h4 class=\"wp-block-heading has-text-align-center\">La F\u00e9d\u00e9ration qu\u00e9b\u00e9coise des chasseurs et p\u00eacheurs et H\u00e9ritage faune Qu\u00e9bec  nous aident dans nos activit\u00e9s d&rsquo;initiation et de formation de la rel\u00e8ve depuis plusieurs ann\u00e9es d\u00e9j\u00e0 et le Club de 4 loups tient \u00e0 le remercier.<\/h4>\n\n\n\n<figure class=\"wp-block-image size-large is-resized\"><a href=\"http:\/\/www.fedecp.com\/\" target=\"_blank\" rel=\"noopener\"><img loading=\"lazy\" decoding=\"async\" width=\"345\" height=\"148\" src=\"https:\/\/clubdes4loups.org\/wordpress\/wp-content\/uploads\/2021\/03\/fedecp_logo.png\" alt=\"\" class=\"wp-image-296\" style=\"width:480px;height:206px\"\/><\/a><\/figure>\n<\/div><\/div>\n\n\n\n<div style=\"height:52px\" aria-hidden=\"true\" class=\"wp-block-spacer\"><\/div>\n\n\n\n<div class=\"wp-block-group alignwide has-background\" style=\"background-color:#ffffff\"><div class=\"wp-block-group__inner-container is-layout-flow wp-block-group-is-layout-flow\">\n<div class=\"wp-block-group\"><div class=\"wp-block-group__inner-container is-layout-flow wp-block-group-is-layout-flow\">\n<div class=\"wp-block-cover is-light\" style=\"min-height:627px;aspect-ratio:unset;\"><img loading=\"lazy\" decoding=\"async\" width=\"1080\" height=\"1080\" class=\"wp-block-cover__image-background wp-image-1180 size-full\" alt=\"\" src=\"http:\/\/clubdes4loups.org\/wordpress\/wp-content\/uploads\/2026\/03\/Messenger_creation_376DE051-2BAB-4167-A631-40BF3244C77B.jpeg\" data-object-fit=\"cover\"\/><span aria-hidden=\"true\" class=\"wp-block-cover__background has-background-dim\" style=\"background-color:#b4a99f\"><\/span><div class=\"wp-block-cover__inner-container is-layout-flow wp-block-cover-is-layout-flow\">\n<p class=\"has-text-align-center has-large-font-size\"><\/p>\n<\/div><\/div>\n\n\n\n<h5 class=\"wp-block-heading has-text-align-center\">Le magasin Sail de Sherbrooke offre aux membres du Club des rabais exclusifs.<\/h5>\n\n\n\n<div class=\"wp-block-button aligncenter is-style-outline is-style-outline--1\"><a class=\"wp-block-button__link wp-element-button\" href=\"http:\/\/clubdes4loups.org\/wordpress\/privileges\/\">Voir les rabais<\/a><\/div>\n\n\n\n<p><\/p>\n<\/div><\/div>\n<\/div><\/div>\n\n\n\n<div style=\"height:52px\" aria-hidden=\"true\" class=\"wp-block-spacer\"><\/div>\n\n\n\n<div class=\"wp-block-group alignwide has-background\" style=\"background-color:#ffffff\"><div class=\"wp-block-group__inner-container is-layout-flow wp-block-group-is-layout-flow\">\n<div class=\"wp-block-group\"><div class=\"wp-block-group__inner-container is-layout-flow wp-block-group-is-layout-flow\"><div class=\"wp-block-image\">\n<figure class=\"aligncenter size-full\"><img loading=\"lazy\" decoding=\"async\" width=\"720\" height=\"711\" src=\"http:\/\/clubdes4loups.org\/wordpress\/wp-content\/uploads\/2023\/05\/ProduitforestierBF.jpg\" alt=\"\" class=\"wp-image-774\"\/><\/figure>\n<\/div>\n\n\n<p><\/p>\n<\/div><\/div>\n<\/div><\/div>\n\n\n\n<div style=\"height:52px\" aria-hidden=\"true\" class=\"wp-block-spacer\"><\/div>\n\n\n\n<div class=\"wp-block-group alignwide has-background\" style=\"background-color:#ffffff\"><div class=\"wp-block-group__inner-container is-layout-flow wp-block-group-is-layout-flow\">\n<div class=\"wp-block-group\"><div class=\"wp-block-group__inner-container is-layout-flow wp-block-group-is-layout-flow\"><div class=\"wp-block-image\">\n<figure class=\"aligncenter size-full\"><img loading=\"lazy\" decoding=\"async\" width=\"1176\" height=\"748\" src=\"http:\/\/clubdes4loups.org\/wordpress\/wp-content\/uploads\/2022\/03\/emerge-3.png\" alt=\"\" class=\"wp-image-572\"\/><\/figure>\n<\/div>\n\n\n<h2 class=\"wp-block-heading has-text-align-center\">E-Merge leurres fab.<\/h2>\n\n\n\n<h5 class=\"wp-block-heading has-text-align-center\">Commanditaire du Club. Merci de votre participation. Visitez le site web. <a href=\"https:\/\/emergeleurresfab.com\/\">https:\/\/emergeleurresfab.com\/<\/a><\/h5>\n\n\n\n<p><\/p>\n<\/div><\/div>\n<\/div><\/div>\n\n\n\n<div class=\"wp-block-group\"><div class=\"wp-block-group__inner-container is-layout-flow wp-block-group-is-layout-flow\">\n<p><\/p>\n\n\n\n<p><\/p>\n<\/div><\/div>\n\n\n\n<div class=\"wp-block-group alignwide has-background\" style=\"background-color:#ffffff\"><div class=\"wp-block-group__inner-container is-layout-flow wp-block-group-is-layout-flow\">\n<div class=\"wp-block-columns is-layout-flex wp-container-core-columns-is-layout-9d6595d7 wp-block-columns-is-layout-flex\">\n<div class=\"wp-block-column is-layout-flow wp-block-column-is-layout-flow\">\n<h2 class=\"wp-block-heading alignwide\"><em>BIG BILL<\/em><\/h2>\n\n\n\n<h5 class=\"wp-block-heading\">Des v\u00eatements adapt\u00e9s aux professionnels<\/h5>\n\n\n\n<h5 class=\"wp-block-heading\">Partenaire du Club pour la journ\u00e9e familiale de p\u00eache blanche et plus.<\/h5>\n\n\n\n<div class=\"wp-block-group\"><div class=\"wp-block-group__inner-container is-layout-flow wp-block-group-is-layout-flow\">\n<p>143, Rue Pomerleau<br>MAGOG, QC  J1X 5P7<br>Tel : 1 888 333 48190<\/p>\n<\/div><\/div>\n<\/div>\n\n\n\n<div class=\"wp-block-column is-layout-flow wp-block-column-is-layout-flow\">\n<figure class=\"wp-block-image size-large is-resized\"><a href=\"http:\/\/www.bigbill.com\/\"><img loading=\"lazy\" decoding=\"async\" width=\"183\" height=\"218\" src=\"https:\/\/clubdes4loups.org\/wordpress\/wp-content\/uploads\/2021\/03\/Bigbill_logo-1.jpg\" alt=\"\" class=\"wp-image-302\" style=\"width:282px;height:336px\"\/><\/a><\/figure>\n\n\n\n<p><\/p>\n<\/div>\n<\/div>\n<\/div><\/div>\n\n\n\n<div style=\"height:48px\" aria-hidden=\"true\" class=\"wp-block-spacer\"><\/div>\n\n\n\n<div class=\"wp-block-group alignwide has-background\" style=\"background-color:#ffffff\"><div class=\"wp-block-group__inner-container is-layout-flow wp-block-group-is-layout-flow\">\n<div class=\"wp-block-group\"><div class=\"wp-block-group__inner-container is-layout-flow wp-block-group-is-layout-flow\">\n<figure class=\"wp-block-image size-large is-resized\"><a href=\"https:\/\/tingerdog.ca\"><img loading=\"lazy\" decoding=\"async\" width=\"1621\" height=\"807\" src=\"https:\/\/clubdes4loups.org\/wordpress\/wp-content\/uploads\/2021\/03\/tingerdog3.png\" alt=\"\" class=\"wp-image-305\" style=\"width:742px;height:369px\"\/><\/a><\/figure>\n<\/div><\/div>\n\n\n\n<h2 class=\"wp-block-heading has-text-align-center\">Tinger-Dog<\/h2>\n\n\n\n<h5 class=\"wp-block-heading has-text-align-center\">Commanditaire du Club.<br>Le Kit parfait pour les amateurs de plein-air.<br>P\u00eache sous la glace, chasse etc.<\/h5>\n<\/div><\/div>\n\n\n\n<div class=\"wp-block-columns is-layout-flex wp-container-core-columns-is-layout-9d6595d7 wp-block-columns-is-layout-flex\">\n<div class=\"wp-block-column is-layout-flow wp-block-column-is-layout-flow\"><\/div>\n<\/div>\n","protected":false},"excerpt":{"rendered":"<p>La F\u00e9d\u00e9ration qu\u00e9b\u00e9coise des chasseurs et p\u00eacheurs et H\u00e9ritage faune Qu\u00e9bec nous aident dans nos activit\u00e9s d&rsquo;initiation et de formation de la rel\u00e8ve depuis plusieurs ann\u00e9es d\u00e9j\u00e0 et le Club de 4 loups tient \u00e0 le remercier. Le magasin Sail de Sherbrooke offre aux membres du Club des rabais exclusifs. E-Merge leurres fab. Commanditaire du [&hellip;]<\/p>\n","protected":false},"author":1,"featured_media":0,"parent":0,"menu_order":0,"comment_status":"closed","ping_status":"closed","template":"","meta":{"footnotes":""},"class_list":["post-295","page","type-page","status-publish","hentry"],"_links":{"self":[{"href":"https:\/\/clubdes4loups.org\/wordpress\/wp-json\/wp\/v2\/pages\/295","targetHints":{"allow":["GET"]}}],"collection":[{"href":"https:\/\/clubdes4loups.org\/wordpress\/wp-json\/wp\/v2\/pages"}],"about":[{"href":"https:\/\/clubdes4loups.org\/wordpress\/wp-json\/wp\/v2\/types\/page"}],"author":[{"embeddable":true,"href":"https:\/\/clubdes4loups.org\/wordpress\/wp-json\/wp\/v2\/users\/1"}],"replies":[{"embeddable":true,"href":"https:\/\/clubdes4loups.org\/wordpress\/wp-json\/wp\/v2\/comments?post=295"}],"version-history":[{"count":17,"href":"https:\/\/clubdes4loups.org\/wordpress\/wp-json\/wp\/v2\/pages\/295\/revisions"}],"predecessor-version":[{"id":1185,"href":"https:\/\/clubdes4loups.org\/wordpress\/wp-json\/wp\/v2\/pages\/295\/revisions\/1185"}],"wp:attachment":[{"href":"https:\/\/clubdes4loups.org\/wordpress\/wp-json\/wp\/v2\/media?parent=295"}],"curies":[{"name":"wp","href":"https:\/\/api.w.org\/{rel}","templated":true}]}}