{"id":316,"date":"2021-03-04T15:49:33","date_gmt":"2021-03-04T20:49:33","guid":{"rendered":"http:\/\/clubdes4loups.org\/wordpress\/?page_id=316"},"modified":"2026-03-06T12:36:12","modified_gmt":"2026-03-06T17:36:12","slug":"privileges-aux-membres","status":"publish","type":"page","link":"https:\/\/clubdes4loups.org\/wordpress\/privileges-aux-membres\/","title":{"rendered":"Privil\u00e8ges aux membres"},"content":{"rendered":"\n<div class=\"wp-block-group alignwide has-background\" style=\"background-color:#ffffff\"><div class=\"wp-block-group__inner-container is-layout-flow wp-block-group-is-layout-flow\">\n<figure class=\"wp-block-image size-full\"><img loading=\"lazy\" decoding=\"async\" width=\"1080\" height=\"1080\" src=\"http:\/\/clubdes4loups.org\/wordpress\/wp-content\/uploads\/2026\/03\/Messenger_creation_376DE051-2BAB-4167-A631-40BF3244C77B.jpeg\" alt=\"\" class=\"wp-image-1180\"\/><\/figure>\n\n\n\n<h4 class=\"wp-block-heading has-text-align-center\">Le magasin Sail de Sherbrooke offre au membres 2026 du CLub.<\/h4>\n\n\n\n<ul class=\"wp-block-list\">\n<li>30% sur produits Sail, Protex, Bor\u00e9alis et Black Ghost.<\/li>\n\n\n\n<li>20% sur v\u00eatements et chaussures.<\/li>\n\n\n\n<li>15% sur l&rsquo;\u00e9quipement.<\/li>\n\n\n\n<li>10% sur Marine, Arc et Arbal\u00e8tes, appareil \u00e9lectronique.<\/li>\n<\/ul>\n\n\n\n<p>Le membre doit avoir sa carte du Club. Rabais sur le prix r\u00e9gulier seulement.<\/p>\n\n\n\n<h5>Exclusions:<\/h5>\n<p>Arc\u2019t\u00e9ryx, Asics, Birkenstock, Blundstone, Bogs, Columbia Titanium, Herschel, Fit Bit, Garmin, Go Pro, Icebreaker, Kanuk, New Balance, Nike, Oakley, Patagonia, Thule, The North Face Summit Series, Peak Performance, Soia &amp; Kio, Spyder, Timberland, Vans, Ugg, Carte Cadeau, Permis, Ames \u00e0 feu, Munition.<\/p>\n\n\n\n<p>Cette offre se termine le 31 d\u00e9cembre 2026<\/p>\n<\/div><\/div>\n\n\n\n<div class=\"wp-block-group\"><div class=\"wp-block-group__inner-container is-layout-flow wp-block-group-is-layout-flow\">\n<div class=\"wp-block-group\"><div class=\"wp-block-group__inner-container is-layout-flow wp-block-group-is-layout-flow\">\n<div style=\"height:10px\" aria-hidden=\"true\" class=\"wp-block-spacer\"><\/div>\n<\/div><\/div>\n<\/div><\/div>\n\n\n\n<div class=\"wp-block-media-text alignwide is-stacked-on-mobile\"><figure class=\"wp-block-media-text__media\"><a href=\"https:\/\/emergeleurresfab.com\/\" target=\"_blank\" rel=\"noreferrer noopener\"><img loading=\"lazy\" decoding=\"async\" width=\"575\" height=\"603\" src=\"http:\/\/clubdes4loups.org\/wordpress\/wp-content\/uploads\/2022\/03\/emerge-1.png\" alt=\"\" class=\"wp-image-568 size-full\"\/><\/a><\/figure><div class=\"wp-block-media-text__content\">\n<blockquote class=\"wp-block-quote is-layout-flow wp-block-quote-is-layout-flow\">\n<p><strong>E-Merge offre 10% de r\u00e9duction aux membres 2026 sur tous les leures souple<\/strong>s.<\/p>\n<\/blockquote>\n<\/div><\/div>\n\n\n\n<div class=\"wp-block-group alignwide has-white-background-color has-background\"><div class=\"wp-block-group__inner-container is-layout-constrained wp-block-group-is-layout-constrained\">\n<h2 class=\"wp-block-heading alignfull has-text-align-center\"><strong>Restaurant La Falaise d&rsquo;Orford<\/strong><\/h2>\n\n\n\n<p>Optenez 10% de rabais sur pr\u00e9sentation de votre carte de membre 2026 en salle \u00e0 manger.<\/p>\n\n\n\n<figure class=\"wp-block-image size-full\"><a href=\"http:\/\/www.restaurantlafalaisedorford.com\/\"><img loading=\"lazy\" decoding=\"async\" width=\"1024\" height=\"796\" src=\"https:\/\/clubdes4loups.org\/wordpress\/wp-content\/uploads\/2023\/02\/Falaise-dOrford_logo-1024x796-1.png\" alt=\"\" class=\"wp-image-726\"\/><\/a><\/figure>\n<\/div><\/div>\n\n\n\n<p><\/p>\n\n\n\n<div class=\"wp-block-group alignfull has-background\" style=\"background-color:#ffffff\"><div class=\"wp-block-group__inner-container is-layout-constrained wp-block-group-is-layout-constrained\">\n<h2 class=\"wp-block-heading alignfull has-text-align-center\">Pub Le Chalet de Magog<\/h2>\n\n\n\n<p class=\"has-text-align-center\">10% de RABAIS sur pr\u00e9sentation de la carte de membre 2026. Une personne par carte, soit le d\u00e9tenteur.<\/p>\n\n\n\n<p class=\"has-text-align-center\">Valide jusqu&rsquo;au 31 d\u00e9cembre 2026. Ne peut \u00eatre jumel\u00e9 \u00e0 d&rsquo;autres promotions.<\/p>\n\n\n<div class=\"wp-block-image\">\n<figure class=\"aligncenter\"><a href=\"https:\/\/publechalet.com\/\"><img loading=\"lazy\" decoding=\"async\" width=\"700\" height=\"404\" src=\"https:\/\/clubdes4loups.org\/wordpress\/wp-content\/uploads\/2024\/04\/logo-pub-le-chalet-1.jpg\" alt=\"\" class=\"wp-image-872\"\/><\/a><\/figure>\n<\/div><\/div><\/div>\n\n\n\n<p><\/p>\n\n\n\n<div class=\"wp-block-group alignwide\"><div class=\"wp-block-group__inner-container is-layout-constrained wp-block-group-is-layout-constrained\">\n<h2 class=\"wp-block-heading\">Marina Fitch Bay<\/h2>\n\n\n\n<p>Bonjour ch\u00e8re membre du club de 4 Loups.<\/p>\n\n\n\n<p>Marina Fitchbay aimerais vous offrir un rabais de 10% sur la location d&#8217;embarcation pour la saison \u00e9t\u00e9 2026<\/p>\n\n\n\n<p>Sur pr\u00e9sentation de votre carte de membre 10% sera retranch\u00e9 du montant r\u00e9gulier de location.<\/p>\n\n\n\n<p>N.B. Le 10% ne s\u2019appliquera pas sur l&rsquo;essence que vous utiliserai et ne peut \u00eatre jumel\u00e9 a aucune autre promotion.<\/p>\n\n\n\n<p>Pour voir la liste de nos embarcations visitez &nbsp; <a href=\"https:\/\/marinafitchbay.ca\">marinafitchbay.ca<\/a> dans l&rsquo;onglet location, ensuite la liste des embarcation est \u00e9num\u00e9r\u00e9, cliquer sur un nom d&#8217;embarcation pour en voir les d\u00e9tails ! Un simple coup de fil au 819-876-7991 et votre r\u00e9servation sera confirm\u00e9. Seul emp\u00eachement possible &#8230;.la temp\u00e9rature&#8230;. v\u00e9rification la veille par t\u00e9l\u00e9phone.<\/p>\n\n\n\n<figure class=\"wp-block-image is-resized\"><a href=\"https:\/\/mariafitchbay.ca\"><img loading=\"lazy\" decoding=\"async\" width=\"489\" height=\"315\" src=\"https:\/\/clubdes4loups.org\/wordpress\/wp-content\/uploads\/2025\/02\/MARINAFITCH.jpg\" alt=\"\" class=\"wp-image-995\" style=\"width:610px;height:auto\"\/><\/a><\/figure>\n<\/div><\/div>\n\n\n\n<p><\/p>\n\n\n\n<div class=\"wp-block-group alignwide has-background\" style=\"background-color:#ffffff\"><div class=\"wp-block-group__inner-container is-layout-flow wp-block-group-is-layout-flow\">\n<p>Le Club de chasse et p\u00eache des 4 loups est \u00e0 la recherche de rabais \u00e0 offrir a ses membres. Vous pouvez nous contacter \u00e0 info@clubdes4loups.org pour nous soumettre les offres que vous voudriez faire.<\/p>\n<\/div><\/div>\n\n\n\n<div class=\"wp-block-group\"><div class=\"wp-block-group__inner-container is-layout-constrained wp-block-group-is-layout-constrained\">\n<div class=\"wp-block-group\"><div class=\"wp-block-group__inner-container is-layout-constrained wp-block-group-is-layout-constrained\">\n<div class=\"wp-block-group\"><div class=\"wp-block-group__inner-container is-layout-constrained wp-block-group-is-layout-constrained\"><\/div><\/div>\n<\/div><\/div>\n<\/div><\/div>\n\n\n\n<div class=\"wp-block-group\"><div class=\"wp-block-group__inner-container is-layout-constrained wp-block-group-is-layout-constrained\">\n<div class=\"wp-block-group\"><div class=\"wp-block-group__inner-container is-layout-flow wp-block-group-is-layout-flow\"><\/div><\/div>\n<\/div><\/div>\n","protected":false},"excerpt":{"rendered":"<p>Le magasin Sail de Sherbrooke offre au membres 2026 du CLub. Le membre doit avoir sa carte du Club. Rabais sur le prix r\u00e9gulier seulement. Exclusions: Arc\u2019t\u00e9ryx, Asics, Birkenstock, Blundstone, Bogs, Columbia Titanium, Herschel, Fit Bit, Garmin, Go Pro, Icebreaker, Kanuk, New Balance, Nike, Oakley, Patagonia, Thule, The North Face Summit Series, Peak Performance, Soia [&hellip;]<\/p>\n","protected":false},"author":1,"featured_media":0,"parent":0,"menu_order":0,"comment_status":"closed","ping_status":"closed","template":"","meta":{"footnotes":""},"class_list":["post-316","page","type-page","status-publish","hentry"],"_links":{"self":[{"href":"https:\/\/clubdes4loups.org\/wordpress\/wp-json\/wp\/v2\/pages\/316","targetHints":{"allow":["GET"]}}],"collection":[{"href":"https:\/\/clubdes4loups.org\/wordpress\/wp-json\/wp\/v2\/pages"}],"about":[{"href":"https:\/\/clubdes4loups.org\/wordpress\/wp-json\/wp\/v2\/types\/page"}],"author":[{"embeddable":true,"href":"https:\/\/clubdes4loups.org\/wordpress\/wp-json\/wp\/v2\/users\/1"}],"replies":[{"embeddable":true,"href":"https:\/\/clubdes4loups.org\/wordpress\/wp-json\/wp\/v2\/comments?post=316"}],"version-history":[{"count":24,"href":"https:\/\/clubdes4loups.org\/wordpress\/wp-json\/wp\/v2\/pages\/316\/revisions"}],"predecessor-version":[{"id":1194,"href":"https:\/\/clubdes4loups.org\/wordpress\/wp-json\/wp\/v2\/pages\/316\/revisions\/1194"}],"wp:attachment":[{"href":"https:\/\/clubdes4loups.org\/wordpress\/wp-json\/wp\/v2\/media?parent=316"}],"curies":[{"name":"wp","href":"https:\/\/api.w.org\/{rel}","templated":true}]}}