{"id":372,"date":"2021-03-10T10:23:17","date_gmt":"2021-03-10T15:23:17","guid":{"rendered":"http:\/\/clubdes4loups.org\/wordpress\/?page_id=372"},"modified":"2025-11-20T11:15:37","modified_gmt":"2025-11-20T16:15:37","slug":"pescof","status":"publish","type":"page","link":"https:\/\/clubdes4loups.org\/wordpress\/pescof\/","title":{"rendered":"Cours PESCOF"},"content":{"rendered":"\n<div class=\"wp-block-group\"><div class=\"wp-block-group__inner-container is-layout-flow wp-block-group-is-layout-flow\">\n<div class=\"wp-block-group has-background\" style=\"background-color:#ffffff\"><div class=\"wp-block-group__inner-container is-layout-flow wp-block-group-is-layout-flow\">\n<p class=\"has-background\" style=\"background-color:#ffffff\"><strong>C\u00c9DULE COURS PESCOF 2024 \/ 2025 \u00c0 MAGOG<\/strong><\/p>\n\n\n\n<div class=\"wp-block-group\"><div class=\"wp-block-group__inner-container is-layout-flow wp-block-group-is-layout-flow\">\n<div class=\"wp-block-group has-background\" style=\"background-color:#ffffff\"><div class=\"wp-block-group__inner-container is-layout-flow wp-block-group-is-layout-flow\">\n<p class=\"has-background\" style=\"background-color:#ffffff\"><strong>CCSMAF (Cours canadien de s\u00e9curit\u00e9 dans le maniement d\u2019armes \u00e0 feu)<\/strong><\/p>\n\n\n\n<ul style=\"background-color:#ffffff\" class=\"wp-block-list has-background\">\n<li><strong>17 janvier 2026<\/strong><\/li>\n\n\n\n<li><strong>18 janvier 2026<\/strong><\/li>\n\n\n\n<li><strong>28 f\u00e9vrier 2026<\/strong><\/li>\n\n\n\n<li><strong>1er mars 2026<\/strong><\/li>\n\n\n\n<li><strong>14 mars 2026<\/strong><\/li>\n\n\n\n<li><strong>15 mars 2026<\/strong><\/li>\n<\/ul>\n\n\n\n<p>Vous pouvez-vous inscrire <a href=\"https:\/\/portail.fedecp.com\/Cours\/Inscription\/Horaire?IdModule=9&amp;IdRegion=5&amp;lang=fr\">ici.<\/a><\/p>\n<\/div><\/div>\n<\/div><\/div>\n<\/div><\/div>\n<\/div><\/div>\n","protected":false},"excerpt":{"rendered":"<p>C\u00c9DULE COURS PESCOF 2024 \/ 2025 \u00c0 MAGOG CCSMAF (Cours canadien de s\u00e9curit\u00e9 dans le maniement d\u2019armes \u00e0 feu) Vous pouvez-vous inscrire ici.<\/p>\n","protected":false},"author":1,"featured_media":0,"parent":0,"menu_order":0,"comment_status":"closed","ping_status":"closed","template":"","meta":{"footnotes":""},"class_list":["post-372","page","type-page","status-publish","hentry"],"_links":{"self":[{"href":"https:\/\/clubdes4loups.org\/wordpress\/wp-json\/wp\/v2\/pages\/372","targetHints":{"allow":["GET"]}}],"collection":[{"href":"https:\/\/clubdes4loups.org\/wordpress\/wp-json\/wp\/v2\/pages"}],"about":[{"href":"https:\/\/clubdes4loups.org\/wordpress\/wp-json\/wp\/v2\/types\/page"}],"author":[{"embeddable":true,"href":"https:\/\/clubdes4loups.org\/wordpress\/wp-json\/wp\/v2\/users\/1"}],"replies":[{"embeddable":true,"href":"https:\/\/clubdes4loups.org\/wordpress\/wp-json\/wp\/v2\/comments?post=372"}],"version-history":[{"count":12,"href":"https:\/\/clubdes4loups.org\/wordpress\/wp-json\/wp\/v2\/pages\/372\/revisions"}],"predecessor-version":[{"id":1120,"href":"https:\/\/clubdes4loups.org\/wordpress\/wp-json\/wp\/v2\/pages\/372\/revisions\/1120"}],"wp:attachment":[{"href":"https:\/\/clubdes4loups.org\/wordpress\/wp-json\/wp\/v2\/media?parent=372"}],"curies":[{"name":"wp","href":"https:\/\/api.w.org\/{rel}","templated":true}]}}