{"id":395,"date":"2021-03-10T13:05:54","date_gmt":"2021-03-10T18:05:54","guid":{"rendered":"http:\/\/clubdes4loups.org\/wordpress\/?page_id=395"},"modified":"2025-05-22T12:03:17","modified_gmt":"2025-05-22T16:03:17","slug":"activites","status":"publish","type":"page","link":"https:\/\/clubdes4loups.org\/wordpress\/activites\/","title":{"rendered":"Activit\u00e9s du Club"},"content":{"rendered":"\n<p><\/p>\n\n\n\n<div class=\"wp-block-columns alignwide is-layout-flex wp-container-core-columns-is-layout-9d6595d7 wp-block-columns-is-layout-flex\">\n<div class=\"wp-block-column is-layout-flow wp-block-column-is-layout-flow\">\n<div class=\"wp-block-group\"><div class=\"wp-block-group__inner-container is-layout-flow wp-block-group-is-layout-flow\">\n<figure class=\"wp-block-image alignfull size-large\"><a href=\"https:\/\/clubdes4loups.org\/wordpress\/journee-familiale-de-peche-blanche-2022\/\"><img loading=\"lazy\" decoding=\"async\" width=\"1170\" height=\"770\" src=\"http:\/\/clubdes4loups.org\/wordpress\/wp-content\/uploads\/2021\/03\/JFPB-3.png\" alt=\"\" class=\"wp-image-385\"\/><\/a><\/figure>\n\n\n\n<h3 class=\"wp-block-heading\">Journ\u00e9e familiale de p\u00eache blanche<\/h3>\n\n\n\n<div class=\"wp-block-button is-style-fill\"><a class=\"wp-block-button__link wp-element-button\" href=\"https:\/\/clubdes4loups.org\/wordpress\/journee-familiale-de-peche-blanche-2022\/\">en savoir plus<\/a><\/div>\n<\/div><\/div>\n\n\n\n<div class=\"wp-block-group\"><div class=\"wp-block-group__inner-container is-layout-flow wp-block-group-is-layout-flow\">\n<figure class=\"wp-block-image alignfull size-large\"><a href=\"https:\/\/clubdes4loups.org\/wordpress\/pescof\/\"><img loading=\"lazy\" decoding=\"async\" width=\"548\" height=\"188\" src=\"http:\/\/clubdes4loups.org\/wordpress\/wp-content\/uploads\/2021\/02\/Vign_banniere_formation.jpg\" alt=\"\" class=\"wp-image-265\"\/><\/a><\/figure>\n\n\n\n<h3 class=\"wp-block-heading\">Cours PESCOF<\/h3>\n\n\n\n<div class=\"wp-block-button is-style-fill\"><a class=\"wp-block-button__link wp-element-button\" href=\"https:\/\/clubdes4loups.org\/wordpress\/pescof\/\">en savoir plus<\/a><\/div>\n<\/div><\/div>\n<\/div>\n\n\n\n<div class=\"wp-block-column is-layout-flow wp-block-column-is-layout-flow\">\n<div class=\"wp-block-group\"><div class=\"wp-block-group__inner-container is-layout-flow wp-block-group-is-layout-flow\">\n<figure class=\"wp-block-image alignfull size-full\"><a href=\"https:\/\/clubdes4loups.org\/wordpress\/fdnm\/\"><img loading=\"lazy\" decoding=\"async\" width=\"2048\" height=\"1155\" src=\"http:\/\/clubdes4loups.org\/wordpress\/wp-content\/uploads\/2023\/05\/photo4.jpg\" alt=\"\" class=\"wp-image-781\"\/><\/a><\/figure>\n\n\n\n<h3 class=\"wp-block-heading\">F\u00eate de la p\u00eache<\/h3>\n\n\n\n<div class=\"wp-block-button is-style-fill\"><a class=\"wp-block-button__link wp-element-button\" href=\"https:\/\/clubdes4loups.org\/wordpress\/fdnm\/\">en savoir plus<\/a><\/div>\n<\/div><\/div>\n\n\n\n<div class=\"wp-block-group\"><div class=\"wp-block-group__inner-container is-layout-flow wp-block-group-is-layout-flow\">\n<div class=\"wp-block-group alignfull\"><div class=\"wp-block-group__inner-container is-layout-constrained wp-block-group-is-layout-constrained\">\n<div class=\"wp-block-group alignfull\"><div class=\"wp-block-group__inner-container is-layout-constrained wp-block-group-is-layout-constrained\">\n<figure class=\"wp-block-image alignfull size-large\"><a href=\"https:\/\/clubdes4loups.org\/wordpress\/mechoui\/\"><img decoding=\"async\" src=\"https:\/\/clubdes4loups.org\/wordpress\/wp-content\/themes\/twentytwenty\/assets\/images\/2020-three-quarters-3.png\" alt=\"\"\/><\/a><\/figure>\n\n\n\n<div class=\"wp-block-group\"><div class=\"wp-block-group__inner-container is-layout-constrained wp-block-group-is-layout-constrained\">\n<h4 class=\"wp-block-heading\">Le m\u00e9choui 30 \u00e8me anniversaire <\/h4>\n\n\n\n<div class=\"wp-block-button is-style-fill\"><a class=\"wp-block-button__link wp-element-button\" href=\"https:\/\/clubdes4loups.org\/wordpress\/mechoui\/\">En savoir plus<\/a><\/div>\n<\/div><\/div>\n<\/div><\/div>\n<\/div><\/div>\n<\/div><\/div>\n<\/div>\n<\/div>\n\n\n\n<div class=\"wp-block-group alignwide\"><div class=\"wp-block-group__inner-container is-layout-constrained wp-block-group-is-layout-constrained\">\n<div class=\"wp-block-group alignwide\"><div class=\"wp-block-group__inner-container is-layout-constrained wp-block-group-is-layout-constrained\">\n<div class=\"wp-block-group\"><div class=\"wp-block-group__inner-container is-layout-flow wp-block-group-is-layout-flow\">\n<figure class=\"wp-block-image size-full\"><a href=\"https:\/\/clubdes4loups.org\/wordpress\/poker-benefice\/\"><img loading=\"lazy\" decoding=\"async\" width=\"600\" height=\"401\" src=\"http:\/\/clubdes4loups.org\/wordpress\/wp-content\/uploads\/2022\/12\/tournoi_poker.png\" alt=\"\" class=\"wp-image-631\"\/><\/a><\/figure>\n<\/div><\/div>\n\n\n\n<h2 class=\"wp-block-heading\">Tournoi de Poker b\u00e9n\u00e9fice<\/h2>\n\n\n\n<div class=\"wp-block-buttons alignwide is-layout-flex wp-block-buttons-is-layout-flex\">\n<div class=\"wp-block-button aligncenter\"><a class=\"wp-block-button__link wp-element-button\" href=\"https:\/\/clubdes4loups.org\/wordpress\/poker-benefice\/\">en savoir plus<\/a><\/div>\n<\/div>\n<\/div><\/div>\n<\/div><\/div>\n\n\n\n<div class=\"wp-block-group alignwide has-background\" style=\"background-color:#ffffff\"><div class=\"wp-block-group__inner-container is-layout-flow wp-block-group-is-layout-flow\">\n<div class=\"wp-block-group\"><div class=\"wp-block-group__inner-container is-layout-flow wp-block-group-is-layout-flow\">\n<h2 class=\"wp-block-heading has-text-align-center\">Devenez membre et obtenez des offres exclusives!<\/h2>\n\n\n\n<p class=\"has-text-align-center\">Les membres obtiennent des avantages exclusifs de nos partenaires. Notre carte de membre co\u00fbte 20.00 $ et est renouvelable annuellement.<\/p>\n\n\n\n<div class=\"wp-block-button aligncenter\"><a class=\"wp-block-button__link wp-element-button\" href=\"https:\/\/clubdes4loups.org\/wordpress\/produit\/carte-de-membre-2023\/\" target=\"_blank\" rel=\"noreferrer noopener\">Joindre le club<\/a><\/div>\n\n\n\n<p><\/p>\n<\/div><\/div>\n<\/div><\/div>\n","protected":false},"excerpt":{"rendered":"<p>Journ\u00e9e familiale de p\u00eache blanche Cours PESCOF F\u00eate de la p\u00eache Le m\u00e9choui 30 \u00e8me anniversaire Tournoi de Poker b\u00e9n\u00e9fice Devenez membre et obtenez des offres exclusives! Les membres obtiennent des avantages exclusifs de nos partenaires. Notre carte de membre co\u00fbte 20.00 $ et est renouvelable annuellement.<\/p>\n","protected":false},"author":1,"featured_media":0,"parent":0,"menu_order":0,"comment_status":"closed","ping_status":"closed","template":"","meta":{"footnotes":""},"class_list":["post-395","page","type-page","status-publish","hentry"],"_links":{"self":[{"href":"https:\/\/clubdes4loups.org\/wordpress\/wp-json\/wp\/v2\/pages\/395","targetHints":{"allow":["GET"]}}],"collection":[{"href":"https:\/\/clubdes4loups.org\/wordpress\/wp-json\/wp\/v2\/pages"}],"about":[{"href":"https:\/\/clubdes4loups.org\/wordpress\/wp-json\/wp\/v2\/types\/page"}],"author":[{"embeddable":true,"href":"https:\/\/clubdes4loups.org\/wordpress\/wp-json\/wp\/v2\/users\/1"}],"replies":[{"embeddable":true,"href":"https:\/\/clubdes4loups.org\/wordpress\/wp-json\/wp\/v2\/comments?post=395"}],"version-history":[{"count":20,"href":"https:\/\/clubdes4loups.org\/wordpress\/wp-json\/wp\/v2\/pages\/395\/revisions"}],"predecessor-version":[{"id":1099,"href":"https:\/\/clubdes4loups.org\/wordpress\/wp-json\/wp\/v2\/pages\/395\/revisions\/1099"}],"wp:attachment":[{"href":"https:\/\/clubdes4loups.org\/wordpress\/wp-json\/wp\/v2\/media?parent=395"}],"curies":[{"name":"wp","href":"https:\/\/api.w.org\/{rel}","templated":true}]}}