{"id":449,"date":"2022-01-30T16:27:03","date_gmt":"2022-01-30T21:27:03","guid":{"rendered":"http:\/\/clubdes4loups.org\/wordpress\/?page_id=449"},"modified":"2026-02-06T12:30:53","modified_gmt":"2026-02-06T17:30:53","slug":"journee-familiale-de-peche-blanche-2022","status":"publish","type":"page","link":"https:\/\/clubdes4loups.org\/wordpress\/journee-familiale-de-peche-blanche-2022\/","title":{"rendered":"Journ\u00e9e familiale de p\u00eache blanche 2026"},"content":{"rendered":"\n<div class=\"wp-block-buttons is-layout-flex wp-block-buttons-is-layout-flex\">\n<div class=\"wp-block-button\"><a class=\"wp-block-button__link wp-element-button\" href=\"https:\/\/clubdes4loups.org\/wordpress\/boutique\/\">               Pour vous inscrire passez \u00e0 la boutique                <\/a><\/div>\n<\/div>\n\n\n\n<div class=\"wp-block-group has-background\" style=\"background-color:#ffffff\"><div class=\"wp-block-group__inner-container is-layout-flow wp-block-group-is-layout-flow\">\n<p class=\"has-text-align-left\"><strong>Le samedi 7 mars 2026 se tiendra la journ\u00e9e familiale de p\u00eache blanche organis\u00e9e par le Club de chasse et p\u00eache des 4 loups avec la participation financi\u00e8re\u00a0 du <a href=\"https:\/\/mffp.gouv.qc.ca\/\" target=\"_blank\" rel=\"noreferrer noopener\">Minist\u00e8re des For\u00eats, de la Faune et des Parcs<\/a> ainsi que de la <a href=\"https:\/\/fedecp.com\/la-fondation\/heritage-faune\/\" target=\"_blank\" rel=\"noreferrer noopener\">Fondation de la faune du Qu\u00e9bec.<\/a><br><br>Cette activit\u00e9 familiale s&rsquo;adresse \u00e0 tous, petits et grands, qui d\u00e9sirent d\u00e9couvrir les joies de la p\u00eache blanche dans une ambiance conviviale et joviale. L&rsquo;activit\u00e9 de p\u00eache est offerte \u00e0 tous<\/strong>, <strong><font color=\"red\">vous n&rsquo;avez pas \u00e0 d\u00e9tenir de permis de p\u00eache pour cette activit\u00e9<\/font><\/strong>.<\/p>\n\n\n\n<p class=\"has-text-align-left\"><strong>Pour l&rsquo;occasion, nous ensemencerons $10,000 de truites-en-ciel. Location de mat\u00e9riel, vente d&rsquo;app\u00e2ts et zone de ravitaillement <strong>disponible<\/strong><\/strong> <strong>sur place. <font color=\"red\">Nous accepterons seulement les paiements en esp\u00e8ce sur place.<\/font> Les trous dans la glace seront pr\u00e9perc\u00e9s par nos b\u00e9n\u00e9voles. <\/strong><\/p>\n\n\n\n<p><strong>Le stationnement est payant visiter le site de la ville de Magog pour les tarifs.<\/strong><\/p>\n\n\n\n<div class=\"wp-block-buttons is-layout-flex wp-block-buttons-is-layout-flex\">\n<div class=\"wp-block-button\"><a class=\"wp-block-button__link wp-element-button\" href=\"https:\/\/www.ville.magog.qc.ca\/batiment\/stationnements\/#zone-plage-des-cantons\">aller au site des tarifs de stationnement magog<\/a><\/div>\n<\/div>\n\n\n\n<p class=\"has-text-align-left\"><strong>Les 60 premiers jeunes de 5 \u00e0 17 ans qui se pr\u00e9senteront pourront participer \u00e0 la formation &lsquo;P\u00eache en herbe&rsquo; et recevoir un permis de p\u00eache valide jusqu&rsquo;\u00e0 leur 18e anniversaire.<\/strong><\/p>\n\n\n\n<p><strong><br>Pour des raisons de s\u00e9curit\u00e9, il est interdit \u00e0 tous les v\u00e9hicules automobiles de circuler ou stationner sur la glace.<br><br>\u00a0L&rsquo;accueil se fera \u00e0 partir 9h00. Les poissons seront ensemenc\u00e9s avant le d\u00e9but de l&rsquo;activit\u00e9 entre 9h30 et 10h30. <\/strong><\/p>\n\n\n\n<p><strong><br><\/strong><\/p>\n<\/div><\/div>\n\n\n\n<div class=\"wp-block-buttons is-layout-flex wp-block-buttons-is-layout-flex\">\n<div class=\"wp-block-button\"><a class=\"wp-block-button__link wp-element-button\" href=\"https:\/\/clubdes4loups.org\/wordpress\/boutique\/\">               Pour vous inscrire passez \u00e0 la boutique                <\/a><\/div>\n<\/div>\n\n\n\n<div id=\"tarification\" class=\"wp-block-group has-background\" style=\"background-color:#ffffff\"><div class=\"wp-block-group__inner-container is-layout-constrained wp-block-group-is-layout-constrained\">\n<h2 class=\"wp-block-heading\">Tarification<\/h2>\n\n\n\n<p><strong>Inscription sur place<\/strong>. <strong><font color=\"red\">Paiement en esp\u00e8ce seulement.<\/font><\/strong><\/p>\n\n\n\n<p>Adultes $30.00. <br>Enfants Gratuit.<\/p>\n\n\n\n<p><strong>Inscription en ligne.<\/strong> <font color=\"red\">Paiement par la plateforme PayPal, vous n&rsquo;avez pas besoin de compte PayPal pour utiliser cette plateforme de paiement.<\/font><\/p>\n\n\n\n<p>Adultes<br>individuels $25.00 jusqu&rsquo;au 7 mars 2025 17h00.<br>Mettez vous \u00e0 quatre $90.00 pour les quatres jusqu&rsquo;au 4 mars 2025. <br>Mettez vous \u00e0 huit $160.00 pour les huit jusqu&rsquo;au 4 mars 2025. <br>Enfants Gratuit.<\/p>\n\n\n\n<p>Une personne de 18 ans et plus est une adulte. <br>Une personne de 17 ans et moins est un enfant.<\/p>\n<\/div><\/div>\n\n\n\n<p><\/p>\n\n\n\n<div id=\"reglements\" class=\"wp-block-group has-background\" style=\"background-color:#ffffff\"><div class=\"wp-block-group__inner-container is-layout-flow wp-block-group-is-layout-flow\">\n<h2 class=\"wp-block-heading\">R\u00e8glements de la journ\u00e9e.<\/h2>\n\n\n\n<p><strong><br>Comme il s&rsquo;agit d&rsquo;une journ\u00e9e familiale. Il y aura des enfants.<\/strong><\/p>\n\n\n\n<div class=\"wp-block-group\"><div class=\"wp-block-group__inner-container is-layout-flow wp-block-group-is-layout-flow\">\n<p><br>Les chiens sont interdits sur le site. (Risque d&rsquo;inconfort, il y a des gens qui ont peur des chiens)<\/p>\n\n\n\n<p>Les tari\u00e8res personnelles ne seront pas accept\u00e9es sur le site (Risque de blessure celles-ci sont coupantes)<\/p>\n\n\n\n<p>1 trou par personne.<\/p>\n\n\n\n<p>Pas de tente ni abri.<\/p>\n\n\n\n<p>Nous demandons de ne pas circuler avec, ou stationner, un v\u00e9hicule routier (automobile, camion, camionnette &#8230;) sur ou pr\u00e8s du site.<\/p>\n\n\n\n<p>S&rsquo;il vous pla\u00eet respecter une limite de 2 truites par personne. Ceci est la limite de la zone.<\/p>\n\n\n\n<p>Ne jeter pas de d\u00e9chets sur la glace. Il y aura des poubelles sur le site. Encore mieux ramenez vos d\u00e9chets \u00e0 la maison.<\/p>\n\n\n\n<p>La bonne humeur est obligatoire et ce en tout temps sur le site.<\/p>\n<\/div><\/div>\n<\/div><\/div>\n\n\n\n<figure class=\"wp-block-image size-full\" id=\"affiche\"><img loading=\"lazy\" decoding=\"async\" width=\"724\" height=\"1024\" src=\"https:\/\/clubdes4loups.org\/wordpress\/wp-content\/uploads\/2025\/02\/Affiche.jpeg\" alt=\"\" class=\"wp-image-985\"\/><\/figure>\n","protected":false},"excerpt":{"rendered":"<p>Le samedi 7 mars 2026 se tiendra la journ\u00e9e familiale de p\u00eache blanche organis\u00e9e par le Club de chasse et p\u00eache des 4 loups avec la participation financi\u00e8re\u00a0 du Minist\u00e8re des For\u00eats, de la Faune et des Parcs ainsi que de la Fondation de la faune du Qu\u00e9bec. Cette activit\u00e9 familiale s&rsquo;adresse \u00e0 tous, petits [&hellip;]<\/p>\n","protected":false},"author":1,"featured_media":0,"parent":0,"menu_order":0,"comment_status":"closed","ping_status":"closed","template":"","meta":{"footnotes":""},"class_list":["post-449","page","type-page","status-publish","hentry"],"_links":{"self":[{"href":"https:\/\/clubdes4loups.org\/wordpress\/wp-json\/wp\/v2\/pages\/449","targetHints":{"allow":["GET"]}}],"collection":[{"href":"https:\/\/clubdes4loups.org\/wordpress\/wp-json\/wp\/v2\/pages"}],"about":[{"href":"https:\/\/clubdes4loups.org\/wordpress\/wp-json\/wp\/v2\/types\/page"}],"author":[{"embeddable":true,"href":"https:\/\/clubdes4loups.org\/wordpress\/wp-json\/wp\/v2\/users\/1"}],"replies":[{"embeddable":true,"href":"https:\/\/clubdes4loups.org\/wordpress\/wp-json\/wp\/v2\/comments?post=449"}],"version-history":[{"count":28,"href":"https:\/\/clubdes4loups.org\/wordpress\/wp-json\/wp\/v2\/pages\/449\/revisions"}],"predecessor-version":[{"id":1149,"href":"https:\/\/clubdes4loups.org\/wordpress\/wp-json\/wp\/v2\/pages\/449\/revisions\/1149"}],"wp:attachment":[{"href":"https:\/\/clubdes4loups.org\/wordpress\/wp-json\/wp\/v2\/media?parent=449"}],"curies":[{"name":"wp","href":"https:\/\/api.w.org\/{rel}","templated":true}]}}