{"id":46,"date":"2021-01-26T14:46:27","date_gmt":"2021-01-26T19:46:27","guid":{"rendered":"http:\/\/192.168.199.59\/wordpress\/?page_id=46"},"modified":"2025-11-04T18:56:10","modified_gmt":"2025-11-04T23:56:10","slug":"conseil-dadministration","status":"publish","type":"page","link":"https:\/\/clubdes4loups.org\/wordpress\/conseil-dadministration\/","title":{"rendered":"Conseil d&rsquo;administration"},"content":{"rendered":"\n<div class=\"wp-block-group\"><div class=\"wp-block-group__inner-container is-layout-flow wp-block-group-is-layout-flow\">\n<h5 class=\"wp-block-heading\">Pr\u00e9sident : Alain Roy<\/h5>\n\n\n\n<h5 class=\"wp-block-heading\">Vice-Pr\u00e9sident : Martin Labont\u00e9<\/h5>\n\n\n\n<h5 class=\"wp-block-heading\">Tr\u00e9sori\u00e8res : Kim Desc\u00f4teaux<\/h5>\n\n\n\n<h5 class=\"wp-block-heading\">Secr\u00e9taire : Jean-Philippe Langlois (Int\u00e9rim.)<\/h5>\n\n\n\n<h5 class=\"wp-block-heading\">V\u00e9rificatrice : Morena Martel<\/h5>\n\n\n\n<h3 class=\"wp-block-heading\"><strong>Directeurs<\/strong> :<\/h3>\n\n\n\n<h5 class=\"wp-block-heading\">Michel Beerens<\/h5>\n\n\n\n<h5 class=\"wp-block-heading\">Yan Bailey<\/h5>\n\n\n\n<h5 class=\"wp-block-heading\">Louis \u00c9tienne Vigneault<\/h5>\n\n\n\n<h5 class=\"wp-block-heading\">Martin Daigle<\/h5>\n\n\n\n<h5 class=\"wp-block-heading\">Simon Descoteaux<\/h5>\n\n\n\n<h3 class=\"wp-block-heading\"><strong>Animateurs cours PESCOF:<\/strong><\/h3>\n\n\n\n<h5 class=\"wp-block-heading\">Michel Beerens<\/h5>\n\n\n\n<h6 class=\"wp-block-heading\">Gestionnaire du site Web : Jean-Philippe Langlois<\/h6>\n\n\n\n<p>info@clubdes4loups.com<\/p>\n<\/div><\/div>\n","protected":false},"excerpt":{"rendered":"<p>Pr\u00e9sident : Alain Roy Vice-Pr\u00e9sident : Martin Labont\u00e9 Tr\u00e9sori\u00e8res : Kim Desc\u00f4teaux Secr\u00e9taire : Jean-Philippe Langlois (Int\u00e9rim.) V\u00e9rificatrice : Morena Martel Directeurs : Michel Beerens Yan Bailey Louis \u00c9tienne Vigneault Martin Daigle Simon Descoteaux Animateurs cours PESCOF: Michel Beerens Gestionnaire du site Web : Jean-Philippe Langlois info@clubdes4loups.com<\/p>\n","protected":false},"author":1,"featured_media":0,"parent":0,"menu_order":0,"comment_status":"closed","ping_status":"closed","template":"","meta":{"footnotes":""},"class_list":["post-46","page","type-page","status-publish","hentry"],"_links":{"self":[{"href":"https:\/\/clubdes4loups.org\/wordpress\/wp-json\/wp\/v2\/pages\/46","targetHints":{"allow":["GET"]}}],"collection":[{"href":"https:\/\/clubdes4loups.org\/wordpress\/wp-json\/wp\/v2\/pages"}],"about":[{"href":"https:\/\/clubdes4loups.org\/wordpress\/wp-json\/wp\/v2\/types\/page"}],"author":[{"embeddable":true,"href":"https:\/\/clubdes4loups.org\/wordpress\/wp-json\/wp\/v2\/users\/1"}],"replies":[{"embeddable":true,"href":"https:\/\/clubdes4loups.org\/wordpress\/wp-json\/wp\/v2\/comments?post=46"}],"version-history":[{"count":11,"href":"https:\/\/clubdes4loups.org\/wordpress\/wp-json\/wp\/v2\/pages\/46\/revisions"}],"predecessor-version":[{"id":1115,"href":"https:\/\/clubdes4loups.org\/wordpress\/wp-json\/wp\/v2\/pages\/46\/revisions\/1115"}],"wp:attachment":[{"href":"https:\/\/clubdes4loups.org\/wordpress\/wp-json\/wp\/v2\/media?parent=46"}],"curies":[{"name":"wp","href":"https:\/\/api.w.org\/{rel}","templated":true}]}}