{"id":5,"date":"2021-01-26T14:10:05","date_gmt":"2021-01-26T19:10:05","guid":{"rendered":"http:\/\/192.168.199.59\/wordpress\/?page_id=5"},"modified":"2026-03-06T12:39:58","modified_gmt":"2026-03-06T17:39:58","slug":"le-nouveau-umoma-ouvre-ses-portes","status":"publish","type":"page","link":"https:\/\/clubdes4loups.org\/wordpress\/","title":{"rendered":""},"content":{"rendered":"\n<div class=\"wp-block-columns is-layout-flex wp-container-core-columns-is-layout-9d6595d7 wp-block-columns-is-layout-flex\">\n<div class=\"wp-block-column is-layout-flow wp-block-column-is-layout-flow\" style=\"flex-basis:100%\"><\/div>\n<\/div>\n\n\n\n<div class=\"wp-block-group alignwide\"><div class=\"wp-block-group__inner-container is-layout-flow wp-block-group-is-layout-flow\">\n<div class=\"wp-block-buttons is-layout-flex wp-block-buttons-is-layout-flex\"><\/div>\n\n\n\n<h2 class=\"wp-block-heading has-text-align-center\">Le Club des 4 Loups est un organisme sans but lucratif fond\u00e9 en 1995 et&nbsp;membre de la F\u00e9d\u00e9ration Qu\u00e9b\u00e9coise des chasseurs et p\u00eacheurs.<br><br>Nos objectifs sont la mise en valeur de la ressource faunique du lac Memphr\u00e9magog ainsi que de favoriser le d\u00e9veloppement de la rel\u00e8ve chez les jeunes..<\/h2>\n<\/div><\/div>\n\n\n\n<div class=\"wp-block-group alignwide has-background\" style=\"background-color:#ffffff\"><div class=\"wp-block-group__inner-container is-layout-flow wp-block-group-is-layout-flow\">\n<div class=\"wp-block-group\"><div class=\"wp-block-group__inner-container is-layout-flow wp-block-group-is-layout-flow\">\n<h2 class=\"wp-block-heading has-text-align-center\">Devenez membre et obtenez des offres exclusives!<\/h2>\n\n\n\n<p class=\"has-text-align-center\">Les membres obtiennent des avantages exclusifs de nos partenaires. Notre carte de membre co\u00fbte 20.00 $ et est renouvelable annuellement.<\/p>\n\n\n\n<div class=\"wp-block-button aligncenter\"><a class=\"wp-block-button__link wp-element-button\" href=\"https:\/\/clubdes4loups.org\/wordpress\/produit\/carte-de-membre-2023\/\">Joindre le club<\/a><\/div>\n\n\n\n<p><\/p>\n<\/div><\/div>\n<\/div><\/div>\n\n\n\n<div class=\"wp-block-columns alignwide is-layout-flex wp-container-core-columns-is-layout-9d6595d7 wp-block-columns-is-layout-flex\">\n<div class=\"wp-block-column is-layout-flow wp-block-column-is-layout-flow\">\n<div class=\"wp-block-group\"><div class=\"wp-block-group__inner-container is-layout-flow wp-block-group-is-layout-flow\">\n<figure class=\"wp-block-image alignfull size-large\"><a href=\"http:\/\/clubdes4loups.org\/wordpress\/historique-des-ensemencements\/\"><img loading=\"lazy\" decoding=\"async\" width=\"1170\" height=\"660\" src=\"http:\/\/clubdes4loups.org\/wordpress\/wp-content\/uploads\/2021\/03\/ensemencement2.png\" alt=\"\" class=\"wp-image-354\"\/><\/a><\/figure>\n\n\n\n<h3 class=\"wp-block-heading\">Historique des ensemencements<\/h3>\n\n\n\n<div class=\"wp-block-button is-style-fill\"><a class=\"wp-block-button__link wp-element-button\" href=\"http:\/\/clubdes4loups.org\/wordpress\/historique-des-ensemencements\/\">en savoir plus<\/a><\/div>\n<\/div><\/div>\n\n\n\n<div class=\"wp-block-group\"><div class=\"wp-block-group__inner-container is-layout-flow wp-block-group-is-layout-flow\">\n<figure class=\"wp-block-image alignfull size-large\"><a href=\"https:\/\/clubdes4loups.org\/wordpress\/multimedia\/\"><img decoding=\"async\" src=\"https:\/\/clubdes4loups.org\/wordpress\/wp-content\/themes\/twentytwenty\/assets\/images\/2020-three-quarters-3.png\" alt=\"\"\/><\/a><\/figure>\n\n\n\n<h3 class=\"wp-block-heading\">Multim\u00e9dia <\/h3>\n\n\n\n<div class=\"wp-block-button is-style-fill\"><a class=\"wp-block-button__link wp-element-button\" href=\"https:\/\/clubdes4loups.org\/wordpress\/multimedia\/\">le club en images<\/a><\/div>\n<\/div><\/div>\n<\/div>\n\n\n\n<div class=\"wp-block-column is-layout-flow wp-block-column-is-layout-flow\">\n<div class=\"wp-block-group\"><div class=\"wp-block-group__inner-container is-layout-flow wp-block-group-is-layout-flow\">\n<figure class=\"wp-block-image alignfull size-large\"><a href=\"https:\/\/clubdes4loups.org\/wordpress\/activites\/\"><img decoding=\"async\" src=\"https:\/\/clubdes4loups.org\/wordpress\/wp-content\/themes\/twentytwenty\/assets\/images\/activite-1.jpg\" alt=\"\"\/><\/a><\/figure>\n\n\n\n<h3 class=\"wp-block-heading\">Les Activit\u00e9s<\/h3>\n\n\n\n<div class=\"wp-block-button is-style-fill\"><a class=\"wp-block-button__link wp-element-button\" href=\"https:\/\/clubdes4loups.org\/wordpress\/activites\/\">en savoir plus<\/a><\/div>\n<\/div><\/div>\n\n\n\n<div class=\"wp-block-group\"><div class=\"wp-block-group__inner-container is-layout-flow wp-block-group-is-layout-flow\">\n<figure class=\"wp-block-image alignfull size-full\"><img loading=\"lazy\" decoding=\"async\" width=\"1080\" height=\"1080\" src=\"http:\/\/clubdes4loups.org\/wordpress\/wp-content\/uploads\/2026\/03\/Messenger_creation_376DE051-2BAB-4167-A631-40BF3244C77B.jpeg\" alt=\"\" class=\"wp-image-1180\"\/><\/figure>\n\n\n\n<h3 class=\"wp-block-heading\">Nos Partenaires<\/h3>\n\n\n\n<div class=\"wp-block-button is-style-fill\"><a class=\"wp-block-button__link wp-element-button\" href=\"https:\/\/clubdes4loups.org\/wordpress\/partenaires-du-club\">en savoir plus<\/a><\/div>\n<\/div><\/div>\n<\/div>\n<\/div>\n\n\n\n<figure class=\"wp-block-image alignfull size-large\"><img decoding=\"async\" src=\"https:\/\/clubdes4loups.org\/wordpress\/wp-content\/uploads\/2021\/02\/banniere32k.png\" alt=\"\"\/><\/figure>\n\n\n\n<div class=\"wp-block-group alignwide\"><div class=\"wp-block-group__inner-container is-layout-flow wp-block-group-is-layout-flow\">\n<h2 class=\"wp-block-heading has-text-align-center has-accent-color has-text-color\">\u00ab Un peu d&rsquo;histoire \u00bb<\/h2>\n<\/div><\/div>\n\n\n\n<h4 class=\"wp-block-heading has-text-align-center\">Fond\u00e9 en 1995, le club de chasse et p\u00eache des 4 loups est un organisme \u00e0 but non lucratif. Depuis quelques ann\u00e9es d\u00e9j\u00e0 la F\u00e9d\u00e9ration des chasseurs et p\u00eacheurs du Qu\u00e9bec et H\u00e9ritage Faune Qu\u00e9bec nous aide dans le financement de nos activit\u00e9s d\u2019initiation et de formation de jeunes p\u00eacheurs.<\/h4>\n\n\n\n<h4 class=\"wp-block-heading has-text-align-center\"><strong>Tous les profits r\u00e9alis\u00e9s dans les nombreuses activit\u00e9s organis\u00e9es par le CLUB sont utilis\u00e9s pour remplir les deux missions du CLUB.<\/strong><\/h4>\n\n\n\n<h5 class=\"wp-block-heading has-text-align-left\">&#8211; Favoriser le d\u00e9veloppement de la rel\u00e8ve de la p\u00eache chez les jeunes.<\/h5>\n\n\n\n<h5 class=\"wp-block-heading has-text-align-left\">&#8211; <strong>Mettre en valeur la ressource faunique et la p\u00eache sportive du lac Memphr\u00e9magog. (Principalement par l\u2019ensemencement de salmonid\u00e9s).<\/strong><\/h5>\n\n\n\n<h4 class=\"wp-block-heading has-text-align-center\"><strong>Depuis sa cr\u00e9ation, le club a ensemenc\u00e9 environ 450,000 salmonid\u00e9s pour un montant \u00e9valu\u00e9 \u00e0 $800,000 dans le lac Memphr\u00e9magog et a form\u00e9 plus de 1200 jeunes \u00e0 la p\u00eache.<\/strong><\/h4>\n\n\n\n<h4 class=\"wp-block-heading has-text-align-center\"><strong>Chaque ann\u00e9e le CLUB organise plusieurs activit\u00e9s dont les plus marquantes sont :<\/strong><\/h4>\n\n\n\n<h5 class=\"wp-block-heading\">&#8211; <strong>La p\u00eache blanche \u00e0 la f\u00eate des Neiges de Magog au mois de f\u00e9vrier,<\/strong><\/h5>\n\n\n\n<h5 class=\"wp-block-heading\">&#8211; <strong>La journ\u00e9e familiale de p\u00eache blanche au mois de mars,<\/strong><\/h5>\n\n\n\n<h5 class=\"wp-block-heading\">&#8211; <strong>La formation de a rel\u00e8ve (hivernale et estivale) mars et juin,<\/strong><\/h5>\n\n\n\n<h5 class=\"wp-block-heading\">&#8211; <strong>L\u2019ensemencement (hivernal et estival) mars, juin, septembre,<\/strong><\/h5>\n\n\n\n<h4 class=\"wp-block-heading has-text-align-center\"><strong>Le club est toujours \u00e0 la rechercher de b\u00e9n\u00e9voles passionn\u00e9s pour aider dans nos activit\u00e9s.<\/strong><\/h4>\n\n\n\n<h5 class=\"wp-block-heading has-text-align-center\"><strong>Vous \u00eates tous bienvenus en tant que membre, b\u00e9n\u00e9vole, donateur, partenaire, commanditaire ou m\u00eame administrateur du CLUB.<\/strong><\/h5>\n","protected":false},"excerpt":{"rendered":"<p>Le Club des 4 Loups est un organisme sans but lucratif fond\u00e9 en 1995 et&nbsp;membre de la F\u00e9d\u00e9ration Qu\u00e9b\u00e9coise des chasseurs et p\u00eacheurs. Nos objectifs sont la mise en valeur de la ressource faunique du lac Memphr\u00e9magog ainsi que de favoriser le d\u00e9veloppement de la rel\u00e8ve chez les jeunes.. Devenez membre et obtenez des offres [&hellip;]<\/p>\n","protected":false},"author":1,"featured_media":0,"parent":0,"menu_order":0,"comment_status":"closed","ping_status":"closed","template":"","meta":{"footnotes":""},"class_list":["post-5","page","type-page","status-publish","hentry"],"_links":{"self":[{"href":"https:\/\/clubdes4loups.org\/wordpress\/wp-json\/wp\/v2\/pages\/5","targetHints":{"allow":["GET"]}}],"collection":[{"href":"https:\/\/clubdes4loups.org\/wordpress\/wp-json\/wp\/v2\/pages"}],"about":[{"href":"https:\/\/clubdes4loups.org\/wordpress\/wp-json\/wp\/v2\/types\/page"}],"author":[{"embeddable":true,"href":"https:\/\/clubdes4loups.org\/wordpress\/wp-json\/wp\/v2\/users\/1"}],"replies":[{"embeddable":true,"href":"https:\/\/clubdes4loups.org\/wordpress\/wp-json\/wp\/v2\/comments?post=5"}],"version-history":[{"count":54,"href":"https:\/\/clubdes4loups.org\/wordpress\/wp-json\/wp\/v2\/pages\/5\/revisions"}],"predecessor-version":[{"id":1195,"href":"https:\/\/clubdes4loups.org\/wordpress\/wp-json\/wp\/v2\/pages\/5\/revisions\/1195"}],"wp:attachment":[{"href":"https:\/\/clubdes4loups.org\/wordpress\/wp-json\/wp\/v2\/media?parent=5"}],"curies":[{"name":"wp","href":"https:\/\/api.w.org\/{rel}","templated":true}]}}