{"id":657,"date":"2022-12-20T21:24:52","date_gmt":"2022-12-21T02:24:52","guid":{"rendered":"https:\/\/clubdes4loups.org\/wordpress\/?page_id=657"},"modified":"2025-11-20T15:05:46","modified_gmt":"2025-11-20T20:05:46","slug":"poker-benefice","status":"publish","type":"page","link":"https:\/\/clubdes4loups.org\/wordpress\/poker-benefice\/","title":{"rendered":"Poker b\u00e9n\u00e9fice au profit du Club des 4 loups"},"content":{"rendered":"\n<div class=\"wp-block-group has-background\" style=\"background-color:#ffffff\"><div class=\"wp-block-group__inner-container is-layout-flow wp-block-group-is-layout-flow\">\n<p><strong>Le samedi 6 d\u00e9cembre 2025 \u00e0 13h00 se tiendra un autre tournoi de Texas Holdem. Au Club Aramis situ\u00e9 au 464 Ruisseau Rouge, Magog<\/strong><\/p>\n\n\n\n<p><strong>L&rsquo;inscription co\u00fbte 50 dollars Vous devez pr\u00e9f\u00e9rablement vous inscrire d&rsquo;avance puisque les places sont limit\u00e9es. <\/strong><\/p>\n\n\n\n<p><strong><font color=\"red\">En vous inscrivant \u00e0 l&rsquo;avance vous recevrez un jetons de 5000 de plus.<\/font><\/strong><\/p>\n\n\n\n<p><strong>L&rsquo;objectif est de 70 joueurs.<br><br>Bourses: moiti\u00e9 moiti\u00e9. La moiti\u00e9 des argents recueillis sera remis en bourse aux trois premi\u00e8res places. 50% pour la premi\u00e8re, 30% \u00e0 la deuxi\u00e8me et 20% \u00e0 la&nbsp;&nbsp;troisi\u00e8me.<br><\/strong><\/p>\n\n\n\n<p><strong>Vous pouvez vous aussi inscrire avec deux directeurs,<\/strong><\/p>\n\n\n\n<p><strong>Alain Roy (819) 571-1912 <\/strong><\/p>\n\n\n\n<p><strong>Jean-Philippe Langlois (514) 951-5015<\/strong><\/p>\n\n\n\n<p><strong>Ou en suivant le lien ci-bas. <\/strong> <br><\/p>\n<\/div><\/div>\n\n\n\n<div class=\"wp-block-buttons alignfull is-layout-flex wp-block-buttons-is-layout-flex\">\n<div class=\"wp-block-button aligncenter\"><a class=\"wp-block-button__link wp-element-button\" href=\"https:\/\/clubdes4loups.org\/wordpress\/produit\/630\/\"> INSCRIption en ligne<\/a><\/div>\n<\/div>\n\n\n\n<div class=\"wp-block-group has-background\" style=\"background-color:#ffffff\"><div class=\"wp-block-group__inner-container is-layout-constrained wp-block-group-is-layout-constrained\">\n<h2 class=\"wp-block-heading has-text-align-center\">D\u00e9roulement du tournoi.<\/h2>\n\n\n\n<p class=\"has-background\" style=\"background-color:#ffffff\">L&rsquo;inscription est au co\u00fbt de $50.00 on vous remettra 25000 en jetons, vous pouvez vous racheter autant de fois que vous d\u00e9sirez avant la premi\u00e8re pause, et ce pour le m\u00eame montant $50.00 pour 25000 en jetons. \u00c0 la pause, un ajout (addon) est disponible au co\u00fbt de $20.00 pour un jeton de10000.<\/p>\n\n\n\n<p class=\"has-background\" style=\"background-color:#ffffff\">Les rondes sont toutes des rondes de 20 minutes. Les pauses sont de 10 minutes.<\/p>\n<\/div><\/div>\n\n\n\n<div class=\"wp-block-columns is-layout-flex wp-container-core-columns-is-layout-9d6595d7 wp-block-columns-is-layout-flex\">\n<div class=\"wp-block-column is-layout-flow wp-block-column-is-layout-flow\">\n<figure class=\"wp-block-image size-full\"><img loading=\"lazy\" decoding=\"async\" width=\"600\" height=\"591\" src=\"http:\/\/clubdes4loups.org\/wordpress\/wp-content\/uploads\/2025\/11\/poker.png\" alt=\"\" class=\"wp-image-1127\"\/><\/figure>\n<\/div>\n<\/div>\n","protected":false},"excerpt":{"rendered":"<p>Le samedi 6 d\u00e9cembre 2025 \u00e0 13h00 se tiendra un autre tournoi de Texas Holdem. Au Club Aramis situ\u00e9 au 464 Ruisseau Rouge, Magog L&rsquo;inscription co\u00fbte 50 dollars Vous devez pr\u00e9f\u00e9rablement vous inscrire d&rsquo;avance puisque les places sont limit\u00e9es. En vous inscrivant \u00e0 l&rsquo;avance vous recevrez un jetons de 5000 de plus. L&rsquo;objectif est de [&hellip;]<\/p>\n","protected":false},"author":1,"featured_media":0,"parent":0,"menu_order":0,"comment_status":"closed","ping_status":"closed","template":"","meta":{"footnotes":""},"class_list":["post-657","page","type-page","status-publish","hentry"],"_links":{"self":[{"href":"https:\/\/clubdes4loups.org\/wordpress\/wp-json\/wp\/v2\/pages\/657","targetHints":{"allow":["GET"]}}],"collection":[{"href":"https:\/\/clubdes4loups.org\/wordpress\/wp-json\/wp\/v2\/pages"}],"about":[{"href":"https:\/\/clubdes4loups.org\/wordpress\/wp-json\/wp\/v2\/types\/page"}],"author":[{"embeddable":true,"href":"https:\/\/clubdes4loups.org\/wordpress\/wp-json\/wp\/v2\/users\/1"}],"replies":[{"embeddable":true,"href":"https:\/\/clubdes4loups.org\/wordpress\/wp-json\/wp\/v2\/comments?post=657"}],"version-history":[{"count":21,"href":"https:\/\/clubdes4loups.org\/wordpress\/wp-json\/wp\/v2\/pages\/657\/revisions"}],"predecessor-version":[{"id":1131,"href":"https:\/\/clubdes4loups.org\/wordpress\/wp-json\/wp\/v2\/pages\/657\/revisions\/1131"}],"wp:attachment":[{"href":"https:\/\/clubdes4loups.org\/wordpress\/wp-json\/wp\/v2\/media?parent=657"}],"curies":[{"name":"wp","href":"https:\/\/api.w.org\/{rel}","templated":true}]}}