{"id":630,"date":"2022-12-19T21:43:54","date_gmt":"2022-12-20T02:43:54","guid":{"rendered":"https:\/\/clubdes4loups.org\/wordpress\/?post_type=product&#038;p=630"},"modified":"2025-12-06T11:24:38","modified_gmt":"2025-12-06T16:24:38","slug":"630","status":"publish","type":"product","link":"https:\/\/clubdes4loups.org\/wordpress\/produit\/630\/","title":{"rendered":"Tournoi B\u00e9n\u00e9fice  6 d\u00e9cembre 2025"},"content":{"rendered":"<p><strong>Inscription tournoi b\u00e9n\u00e9fice Texas Holdem. Le 6 d\u00e9cembre 2025 au Club Aramis de Magog. Le nombre d&rsquo;inscription est limit\u00e9. <\/strong><\/p>\n<p><strong>**** En vous inscrivant en ligne vous aurez pour un jeton de 5000 de plus. ****<br \/>\n<\/strong><\/p>\n<p>&nbsp;<\/p>\n<p>&nbsp;<\/p>\n<p>&nbsp;<\/p>\n","protected":false},"excerpt":{"rendered":"<p>Inscription tournoi b\u00e9n\u00e9fice Texas Holdem. Le 6 d\u00e9cembre 2025 au Club Aramis de Magog. Le nombre d&rsquo;inscription est limit\u00e9. **** En vous inscrivant en ligne vous aurez pour un jeton de 5000 de plus. **** &nbsp; &nbsp; &nbsp;<\/p>\n","protected":false},"featured_media":631,"template":"","meta":[],"product_brand":[],"product_cat":[20],"product_tag":[],"class_list":{"0":"post-630","1":"product","2":"type-product","3":"status-publish","4":"has-post-thumbnail","6":"product_cat-inscr","8":"first","9":"outofstock","10":"virtual","11":"sold-individually","12":"purchasable","13":"product-type-simple"},"_links":{"self":[{"href":"https:\/\/clubdes4loups.org\/wordpress\/wp-json\/wp\/v2\/product\/630","targetHints":{"allow":["GET"]}}],"collection":[{"href":"https:\/\/clubdes4loups.org\/wordpress\/wp-json\/wp\/v2\/product"}],"about":[{"href":"https:\/\/clubdes4loups.org\/wordpress\/wp-json\/wp\/v2\/types\/product"}],"wp:featuredmedia":[{"embeddable":true,"href":"https:\/\/clubdes4loups.org\/wordpress\/wp-json\/wp\/v2\/media\/631"}],"wp:attachment":[{"href":"https:\/\/clubdes4loups.org\/wordpress\/wp-json\/wp\/v2\/media?parent=630"}],"wp:term":[{"taxonomy":"product_brand","embeddable":true,"href":"https:\/\/clubdes4loups.org\/wordpress\/wp-json\/wp\/v2\/product_brand?post=630"},{"taxonomy":"product_cat","embeddable":true,"href":"https:\/\/clubdes4loups.org\/wordpress\/wp-json\/wp\/v2\/product_cat?post=630"},{"taxonomy":"product_tag","embeddable":true,"href":"https:\/\/clubdes4loups.org\/wordpress\/wp-json\/wp\/v2\/product_tag?post=630"}],"curies":[{"name":"wp","href":"https:\/\/api.w.org\/{rel}","templated":true}]}}